{"id":227,"date":"2018-05-23T15:34:57","date_gmt":"2018-05-23T13:34:57","guid":{"rendered":"https:\/\/www.mohr-kreuzer.de\/?page_id=227"},"modified":"2018-06-04T10:01:18","modified_gmt":"2018-06-04T08:01:18","slug":"datenschutz","status":"publish","type":"page","link":"https:\/\/www.mohr-kreuzer.de\/index.php\/datenschutz\/","title":{"rendered":"Datenschutzerkl\u00e4rung"},"content":{"rendered":"<p align=\"CENTER\"><span style=\"color: #000000;\"><span style=\"font-family: Arial, sans-serif;\"><span style=\"font-size: small;\"><b>Datenschutzerkl\u00e4rung<\/b><\/span><\/span><\/span><\/p>\n<p><span style=\"font-family: Arial, sans-serif;\"><span style=\"font-size: small;\"><\/p>\n<p><span style=\"color: #000000;\"><b>1. Allgemeines<\/b><\/span><\/p>\n<p><span style=\"color: #000000;\"><b>1.1 Was sind personenbezogene Daten<\/b><\/span><br \/>\n<span style=\"color: #000000;\">Personenbezogene Daten sind Angaben, die die Identit\u00e4t des Nutzers offenlegen oder offenlegen k\u00f6nnen. Wir halten uns an den Grundsatz der Datenvermeidung. Es wird soweit wie m\u00f6glich auf die Erhebung von personenbezogenen Daten verzichtet.<\/span><\/p>\n<p><span style=\"color: #000000;\"><b>1.2 Umgang mit personenbezogenen Daten<\/b><\/span><br \/>\n<span style=\"color: #000000;\">Personenbezogene Daten dienen ausschlie\u00dflich der Vertragsbegr\u00fcndung, inhaltlichen Ausgestaltung, Durchf\u00fchrung oder Abwicklung des Vertragsverh\u00e4ltnisses (Art. 6 I S. 1 b DSGVO). Dar\u00fcber hinaus werden personenbezogene Daten nur verarbeitet, soweit wir hierzu Ihre Einwilligung erhalten haben (Art. 6 I S. 1 a DSGVO). Sie werden grunds\u00e4tzlich nicht an Dritte weitergegeben. Lediglich zur Vertragserf\u00fcllung werden die Daten an das mit der Lieferung beauftragte Versandunternehmen weitergegeben, soweit dies zur Lieferung bestellter Waren erforderlich ist. Zur Abwicklung von Zahlungen werden die hierf\u00fcr erforderlichen Zahlungsdaten an das mit der Zahlung beauftragte Kreditinstitut und ggf. den beauftragten und gew\u00e4hlten Zahlungsdienstleister weitergegeben. Die Verarbeitung Ihrer personenbezogenen Daten erfolgt ausschlie\u00dflich innerhalb der EU, soweit nachfolgend nicht etwas Abweichendes dargelegt ist.<\/span><\/p>\n<p><span style=\"color: #000000;\"><b>1.3 Nutzungsdaten<\/b><\/span><br \/>\n<span style=\"color: #000000;\">Beim Besuch der Webseite werden allgemeine technische Informationen erhoben. Dies sind die verwendete IP-Adresse, Uhrzeit, Dauer des Besuchs, Browsertyp und ggf. die Herkunftsseite. Diese Nutzungsdaten werden technisch bedingt in einem Logfile registriert und k\u00f6nnen zum Zwecke der Statistikauswertung dieser Webseite benutzt und gespeichert werden. Eine Verkn\u00fcpfung dieser Nutzungsdaten mit Ihren weiteren personenbezogenen Daten findet nicht statt.<\/span><\/p>\n<p><span style=\"color: #000000;\"><b>1.4 Dauer der Speicherung<\/b><\/span><br \/>\n<span style=\"color: #000000;\">Wir speichern Ihre personenbezogenen Daten nach der Beendigung des Zwecks, f\u00fcr welchen die Daten erhoben wurden, nur solange, wie dies auf Grund der gesetzlichen (insbesondere steuerrechtlichen) Vorschriften erforderlich ist.\u00a0<\/span><\/p>\n<p><span style=\"color: #000000;\"><b>2. Ihre Rechte<\/b><\/span><\/p>\n<p><span style=\"color: #000000;\"><b>2.1 Auskunft<\/b><\/span><br \/>\n<span style=\"color: #000000;\">Sie k\u00f6nnen von uns eine Auskunft dar\u00fcber verlangen, ob wir personenbezogene Daten von Ihnen verarbeiten und soweit dies der Fall ist haben Sie ein Recht auf Auskunft \u00fcber diese personenbezogenen Daten und auf die in Art. 15 DSGVO genannten weiteren Informationen.<\/span><\/p>\n<p><span style=\"color: #000000;\"><b>2.2 Recht auf Berichtigung<\/b><\/span><br \/>\n<span style=\"color: #000000;\">Sie haben das Recht auf Berichtigung der Sie betreffenden unrichtigen personenbezogenen Daten und k\u00f6nnen gem\u00e4\u00df Art. 16 DSGVO die Vervollst\u00e4ndigung unvollst\u00e4ndiger personenbezogener Daten verlangen.<\/span><\/p>\n<p><span style=\"color: #000000;\"><b>2.3 Recht auf L\u00f6schung<\/b><\/span><br \/>\n<span style=\"color: #000000;\">Sie haben das Recht von uns zu verlangen, dass die Sie betreffenden personenbezogenen Daten unverz\u00fcglich gel\u00f6scht werden. Wir sind verpflichtet diese unverz\u00fcglich zu l\u00f6schen, insbesondere sofern einer der folgenden Gr\u00fcnde zutrifft:<\/span><\/span><\/span><\/p>\n<ul>\n<li><span style=\"color: #000000;\"><span style=\"font-family: Arial, sans-serif;\"><span style=\"font-size: small;\">Ihre personenbezogenen Daten sind f\u00fcr die Zwecke, f\u00fcr die sie erhoben oder auf sonstige Weise verarbeitet wurden, nicht mehr notwendig.<\/span><\/span><\/span><\/li>\n<li><span style=\"color: #000000;\"><span style=\"font-family: Arial, sans-serif;\"><span style=\"font-size: small;\">Sie widerrufen ihre Einwilligung, auf die sich die Verarbeitung Ihrer Daten st\u00fctzte, und es fehlt an einer anderweitigen Rechtsgrundlage f\u00fcr die Verarbeitung.<\/span><\/span><\/span><\/li>\n<li><span style=\"color: #000000;\"><span style=\"font-family: Arial, sans-serif;\"><span style=\"font-size: small;\">Ihre Daten wurden unrechtm\u00e4\u00dfig verarbeitet.<\/span><\/span><\/span><\/li>\n<\/ul>\n<p><span style=\"font-family: Arial, sans-serif;\"><span style=\"font-size: small;\"><span style=\"color: #000000;\">Das Recht auf L\u00f6schung besteht nicht, soweit Ihre personenbezogenen Daten zur Geltendmachung, Aus\u00fcbung oder Verteidigung unserer Rechtsanspr\u00fcche erforderlich sind.<\/span><\/p>\n<p><span style=\"color: #000000;\"><b>2.4 Recht auf Einschr\u00e4nkung der Verarbeitung<\/b><\/span><br \/>\n<span style=\"color: #000000;\">Sie haben das Recht von uns die Einschr\u00e4nkung der Verarbeitung Ihrer personenbezogenen Daten zu verlangen, wenn<\/span><\/span><\/span><\/p>\n<ul>\n<li><span style=\"color: #000000;\"><span style=\"font-family: Arial, sans-serif;\"><span style=\"font-size: small;\">Sie die Richtigkeit der Daten bestreiten und wir daher die Richtigkeit \u00fcberpr\u00fcfen,<\/span><\/span><\/span><\/li>\n<li><span style=\"color: #000000;\"><span style=\"font-family: Arial, sans-serif;\"><span style=\"font-size: small;\">die Verarbeitung unrechtm\u00e4\u00dfig ist und Sie die L\u00f6schung ablehnen und stattdessen die Einschr\u00e4nkung der Nutzung verlangen<\/span><\/span><\/span><\/li>\n<li><span style=\"color: #000000;\"><span style=\"font-family: Arial, sans-serif;\"><span style=\"font-size: small;\">wir die Daten nicht l\u00e4nger ben\u00f6tigen, Sie diese jedoch zur Geltendmachung, Aus\u00fcbung oder Verteidigung von Rechtsanspr\u00fcchen ben\u00f6tigen,<\/span><\/span><\/span><\/li>\n<li><span style=\"color: #000000;\"><span style=\"font-family: Arial, sans-serif;\"><span style=\"font-size: small;\">Sie Widerspruch gegen die Verarbeitung Ihrer Daten eingelegt haben, und noch nicht feststeht, ob unsere berechtigten Gr\u00fcnde gegen\u00fcber Ihren Gr\u00fcnden \u00fcberwiegen.<\/span><\/span><\/span><\/li>\n<\/ul>\n<p><span style=\"font-family: Arial, sans-serif;\"><span style=\"font-size: small;\"><span style=\"color: #000000;\"><b>2.5 Recht auf Daten\u00fcbertragbarkeit<\/b><\/span><br \/>\n<span style=\"color: #000000;\">Sie haben das Recht die Sie betreffenden personenbezogenen Daten, die Sie uns bereitgestellt haben, in einem strukturierten, g\u00e4ngigen und maschinenlesbaren Format zu erhalten und Sie haben das Recht, diese Daten einem anderen Verantwortlichen ohne Behinderung durch uns zu \u00fcbermitteln, sofern die Verarbeitung auf einer Einwilligung oder einem Vertrag beruht und die Verarbeitung bei uns mithilfe automatisierter Verfahren erfolgt.<\/span><\/p>\n<p><span style=\"color: #000000;\"><b>2.6 Widerrufsrecht<\/b><\/span><br \/>\n<span style=\"color: #000000;\">Soweit die Verarbeitung Ihrer personenbezogenen Daten auf einer Einwilligung beruht, haben Sie das Recht diese Einwilligung jederzeit zu widerrufen.<\/span><\/p>\n<p><span style=\"color: #000000;\"><b>2.7 Allgemeines und Beschwerderecht<\/b><\/span><br \/>\n<span style=\"color: #000000;\">Die Aus\u00fcbung Ihrer vorstehenden Rechte ist f\u00fcr Sie grunds\u00e4tzlich kostenlos. Sie haben das Recht sich bei Beschwerden direkt an die f\u00fcr uns zust\u00e4ndige Aufsichtsbeh\u00f6rde, den Landesdatenschutzbeauftragen, zu wenden.\u00a0<\/span><\/p>\n<p><span style=\"color: #000000;\"><b>3. Datensicherheit<\/b><\/span><\/p>\n<p><span style=\"color: #000000;\"><b>3.1 Datensicherheit<\/b><\/span><br \/>\n<span style=\"color: #000000;\">S\u00e4mtliche Daten auf unserer Website werden durch technische und organisatorische Ma\u00dfnahmen gegen Verlust, Zerst\u00f6rung, Zugriff, Ver\u00e4nderung und Verbreitung gesichert.<\/span><\/p>\n<p><span style=\"color: #000000;\"><b>3.2 Sessions und Cookies<\/b><\/span><br \/>\n<span style=\"color: #000000;\">Zur Bedienung des Internetauftritts k\u00f6nnen wir Cookies oder serverseitige Sessions einsetzen, in denen Daten gespeichert werden k\u00f6nnen. Cookies sind Dateien, die von einer Webseite auf Ihrer Festplatte abgelegt werden, um diesen Computer beim n\u00e4chsten Webseitenbesuch automatisch wieder zu erkennen und damit die Nutzung der Webseite an Sie anpassen zu k\u00f6nnen. Einige der verwendeten Cookies werden nach dem Ende der Browser-Sitzung wieder gel\u00f6scht. Dabei handelt es sich um sogenannte Sitzungs-Cookies. Andere Cookies verbleiben auf Ihrem Endger\u00e4t und erm\u00f6glichen die Wiedererkennung des Browsers bei einem sp\u00e4teren Besuch unserer Website (dauerhafte Cookies). Sie k\u00f6nnen Ihren Browser so einstellen, dass Sie \u00fcber das Setzen von Cookies informiert werden und einzeln \u00fcber deren Annahme entscheiden oder die Annahme von Cookies f\u00fcr bestimmte F\u00e4lle oder generell ausschlie\u00dfen. Bitte beachten Sie dabei, dass Sie m\u00f6glicherweise einige Funktionen dieser Website nicht nutzen k\u00f6nnen, wenn die Cookies deaktiviert sind. Wir stellen sicher, dass keine personenbezogenen Daten aus Sessions oder durch Cookies \u00fcbernommen werden und Cookies nur eingesetzt werden, sofern dies f\u00fcr die Website technisch erforderlich ist. Somit ergibt die Abw\u00e4gung, dass keine \u00fcberwiegenden Interessen Ihrerseits entgegenstehen (Art. 6 I S. 1 f DSGVO).<\/span><\/p>\n<p><span style=\"color: #000000;\"><b>4. Google Web Fonts<\/b><\/span><\/span><\/span><\/p>\n<p><span style=\"font-family: Arial, sans-serif;\"><span style=\"font-size: small;\"><br \/>\n<span style=\"color: #000000;\">Zudem nutzen wir sogenannte Web Fonts von Google, um Ihnen eine einheitliche Schriftart auf unserer Website anzeigen zu k\u00f6nnen. Diese werden beim Aufruf einer unserer Seiten automatisch in Ihrem Browsercache gespeichert, um die gew\u00fcnschte Darstellung zu erm\u00f6glichen. Sollte Ihr Browser die genutzten Web Fonts nicht unterst\u00fctzen, wird ggf. eine Standartschrift Ihres Computers verwendet. Hier sind keine Interessen der Nutzer betroffen, welche diese technische Notwendigkeit \u00fcberwiegen (Art. 6 I S. 1 f DSGVO). Die Datenschutzerkl\u00e4rung von Google k\u00f6nnen Sie hier einsehen: https:\/\/www.google.com\/policies\/privacy\/ Weitere Informationen zu Google Web Fonts finden Sie unter https:\/\/developers.google.com\/fonts\/faq\u00a0<\/span><\/p>\n<p><span style=\"color: #000000;\"><b>5. Kontaktaufnahme<\/b><\/span><\/p>\n<p><span style=\"color: #000000;\">Zur Kontaktaufnahme bez\u00fcglich des Datenschutzes k\u00f6nnen Sie sich gern an uns unter Verwendung der nachfolgenden Kontaktm\u00f6glichkeiten wenden. Verantwortlicher im Sinne der DSGVO:<\/span><\/p>\n<p><span style=\"color: #000000;\">Mohr &amp; Kreuzer GmbH &amp; Co. KG<\/span><br \/>\n<span style=\"color: #000000;\">Bahnhofstra\u00dfe 84<\/span><br \/>\n<span style=\"color: #000000;\">67365<\/span><\/span><\/span><\/p>\n<p><span style=\"font-family: Arial, sans-serif;\"><span style=\"font-size: small;\"><br \/>\n<span style=\"color: #000000;\">E-Mail: info@Mohr-Kreuzer.de<\/span><br \/>\n<span style=\"color: #000000;\">Telefon: 0 63 44 \/ 95 49 30 \u2013 0<\/span> <\/span><\/span><\/p>","protected":false},"excerpt":{"rendered":"<p>Datenschutzerkl\u00e4rung 1. Allgemeines 1.1 Was sind personenbezogene Daten Personenbezogene Daten sind Angaben, die die Identit\u00e4t des Nutzers offenlegen oder offenlegen k\u00f6nnen. Wir halten uns an den Grundsatz der Datenvermeidung. Es wird soweit wie m\u00f6glich auf die Erhebung von personenbezogenen Daten verzichtet. 1.2 Umgang mit personenbezogenen Daten Personenbezogene Daten dienen ausschlie\u00dflich der Vertragsbegr\u00fcndung, inhaltlichen Ausgestaltung, Durchf\u00fchrung [&hellip;]<\/p>\n","protected":false},"author":1,"featured_media":0,"parent":0,"menu_order":0,"comment_status":"closed","ping_status":"closed","template":"","meta":{"footnotes":""},"class_list":["post-227","page","type-page","status-publish","hentry"],"_links":{"self":[{"href":"https:\/\/www.mohr-kreuzer.de\/index.php\/wp-json\/wp\/v2\/pages\/227","targetHints":{"allow":["GET"]}}],"collection":[{"href":"https:\/\/www.mohr-kreuzer.de\/index.php\/wp-json\/wp\/v2\/pages"}],"about":[{"href":"https:\/\/www.mohr-kreuzer.de\/index.php\/wp-json\/wp\/v2\/types\/page"}],"author":[{"embeddable":true,"href":"https:\/\/www.mohr-kreuzer.de\/index.php\/wp-json\/wp\/v2\/users\/1"}],"replies":[{"embeddable":true,"href":"https:\/\/www.mohr-kreuzer.de\/index.php\/wp-json\/wp\/v2\/comments?post=227"}],"version-history":[{"count":3,"href":"https:\/\/www.mohr-kreuzer.de\/index.php\/wp-json\/wp\/v2\/pages\/227\/revisions"}],"predecessor-version":[{"id":231,"href":"https:\/\/www.mohr-kreuzer.de\/index.php\/wp-json\/wp\/v2\/pages\/227\/revisions\/231"}],"wp:attachment":[{"href":"https:\/\/www.mohr-kreuzer.de\/index.php\/wp-json\/wp\/v2\/media?parent=227"}],"curies":[{"name":"wp","href":"https:\/\/api.w.org\/{rel}","templated":true}]}}