{"id":23,"date":"2015-08-10T15:48:21","date_gmt":"2015-08-10T13:48:21","guid":{"rendered":"http:\/\/mohrkreuzer.s1.hosting-square.de\/webseite\/?page_id=23"},"modified":"2015-08-10T16:04:09","modified_gmt":"2015-08-10T14:04:09","slug":"philosophie","status":"publish","type":"page","link":"https:\/\/www.mohr-kreuzer.de\/index.php\/unternehmen\/philosophie\/","title":{"rendered":"Philosophie"},"content":{"rendered":"<h3>Technik und Service zum Wohle der Menschen<\/h3>\n<p>Wir \u00fcbernehmen als Unternehmer Verantwortung \u2013 Kunden, Mitarbeitern, der Gesellschaft und Umwelt gegen\u00fcber. Christliche Werte bilden dabei die Grundlage unseres Handelns. Und das bedeutet:<\/p>\n<p>Wir legen Wert auf einen fairen Umgang \u2013 sowohl untereinander als auch unseren Kunden gegen\u00fcber. Und sind erst zufrieden, wenn Sie es sind! Deshalb geben wir jederzeit unser Bestes und setzen unser breites Fachwissen sowie die Erfahrung aus zahlreichen umgesetzten Auftr\u00e4gen f\u00fcr Sie ein. Unsere Kunden sch\u00e4tzen die intensiven Beratungsgespr\u00e4che, in denen wir deren W\u00fcnschen auf den Grund gehen. Diese sind der Ma\u00dfstab unserer Arbeit, die wir mit einem hohen Anspruch an Service und Zuverl\u00e4ssigkeit erbringen.<\/p>\n<p>Qualit\u00e4t ist bei uns keineswegs die K\u00fcr, sondern Pflichtprogramm \u2013 und das gilt f\u00fcr alle Aspekte unserer Arbeit. Wir setzen ausschlie\u00dflich hochwertigste Produkte und Materialien ein, die alle dem Schutz unserer Umwelt gerecht werden. Auch bei der Umsetzung achten wir auf jedes kleine Detail. Ihr Vertrauen in unser Handwerk steht im Fokus unserer Arbeit \u2013 deshalb sichern wir Ihnen eine zuverl\u00e4ssige, kompetente und z\u00fcgige Ausf\u00fchrung der Auftr\u00e4ge zu. Das erachten wir als gute Basis f\u00fcr eine vertrauensvolle und langj\u00e4hrige Zusammenarbeit.<\/p>","protected":false},"excerpt":{"rendered":"<p>Technik und Service zum Wohle der Menschen Wir \u00fcbernehmen als Unternehmer Verantwortung \u2013 Kunden, Mitarbeitern, der Gesellschaft und Umwelt gegen\u00fcber. Christliche Werte bilden dabei die Grundlage unseres Handelns. Und das bedeutet: Wir legen Wert auf einen fairen Umgang \u2013 sowohl untereinander als auch unseren Kunden gegen\u00fcber. Und sind erst zufrieden, wenn Sie es sind! Deshalb [&hellip;]<\/p>\n","protected":false},"author":1,"featured_media":0,"parent":11,"menu_order":1,"comment_status":"open","ping_status":"open","template":"page-unternehmen.php","meta":{"footnotes":""},"class_list":["post-23","page","type-page","status-publish","hentry"],"_links":{"self":[{"href":"https:\/\/www.mohr-kreuzer.de\/index.php\/wp-json\/wp\/v2\/pages\/23","targetHints":{"allow":["GET"]}}],"collection":[{"href":"https:\/\/www.mohr-kreuzer.de\/index.php\/wp-json\/wp\/v2\/pages"}],"about":[{"href":"https:\/\/www.mohr-kreuzer.de\/index.php\/wp-json\/wp\/v2\/types\/page"}],"author":[{"embeddable":true,"href":"https:\/\/www.mohr-kreuzer.de\/index.php\/wp-json\/wp\/v2\/users\/1"}],"replies":[{"embeddable":true,"href":"https:\/\/www.mohr-kreuzer.de\/index.php\/wp-json\/wp\/v2\/comments?post=23"}],"version-history":[{"count":1,"href":"https:\/\/www.mohr-kreuzer.de\/index.php\/wp-json\/wp\/v2\/pages\/23\/revisions"}],"predecessor-version":[{"id":24,"href":"https:\/\/www.mohr-kreuzer.de\/index.php\/wp-json\/wp\/v2\/pages\/23\/revisions\/24"}],"up":[{"embeddable":true,"href":"https:\/\/www.mohr-kreuzer.de\/index.php\/wp-json\/wp\/v2\/pages\/11"}],"wp:attachment":[{"href":"https:\/\/www.mohr-kreuzer.de\/index.php\/wp-json\/wp\/v2\/media?parent=23"}],"curies":[{"name":"wp","href":"https:\/\/api.w.org\/{rel}","templated":true}]}}