{"id":25,"date":"2015-08-10T15:48:58","date_gmt":"2015-08-10T13:48:58","guid":{"rendered":"http:\/\/mohrkreuzer.s1.hosting-square.de\/webseite\/?page_id=25"},"modified":"2022-02-10T13:31:46","modified_gmt":"2022-02-10T12:31:46","slug":"team","status":"publish","type":"page","link":"https:\/\/www.mohr-kreuzer.de\/index.php\/unternehmen\/team\/","title":{"rendered":"Team"},"content":{"rendered":"<h3>Mohr + Kreuzer \u2013 wer wir sind<\/h3>\n<p>Machen Sie sich schon vorab ein Bild von uns: Das sind die Menschen, die Mohr + Kreuzer zu dem machen, was es ist \u2013 und sich zu Ihrem Wohle einsetzen.<\/p>\n<table style=\"width: 100%;\" border=\"0\" align=\"left\">\n<tbody>\n<tr>\n<td style=\"width: 40%;\" align=\"left\" valign=\"top\"><img loading=\"lazy\" decoding=\"async\" class=\"alignnone size-full wp-image-199\" src=\"https:\/\/www.mohr-kreuzer.de\/wp-content\/uploads\/2015\/08\/Andreas-Mohr.jpg\" alt=\"\" width=\"200\" height=\"300\" \/><\/td>\n<td style=\"width: 10%;\" align=\"left\" valign=\"top\"><\/td>\n<td style=\"width: 40%;\" align=\"right\" valign=\"top\"><a href=\"https:\/\/www.mohr-kreuzer.de\/wp-content\/uploads\/2015\/08\/Michael-Kreuzer-1.jpg\"><img loading=\"lazy\" decoding=\"async\" class=\"alignnone size-full wp-image-212\" src=\"https:\/\/www.mohr-kreuzer.de\/wp-content\/uploads\/2015\/08\/Michael-Kreuzer-1.jpg\" alt=\"\" width=\"200\" height=\"300\" \/><\/a><\/td>\n<\/tr>\n<tr>\n<td><span style=\"color: #333333;\">Andreas Mohr<\/span><br \/>\nGesch\u00e4ftsf\u00fchrer,<br \/>\nMeister<\/td>\n<td><\/td>\n<td align=\"right\" valign=\"top\">Michael Kreuzer<br \/>\nMeister, Kundendienst-<br \/>\nund Projektleiter<\/td>\n<\/tr>\n<tr>\n<td><\/td>\n<td><\/td>\n<td><\/td>\n<\/tr>\n<tr>\n<td><a href=\"https:\/\/www.mohr-kreuzer.de\/wp-content\/uploads\/2015\/08\/Guenter-Mohr-1.jpg\"><img loading=\"lazy\" decoding=\"async\" class=\"alignnone size-full wp-image-204\" src=\"https:\/\/www.mohr-kreuzer.de\/wp-content\/uploads\/2015\/08\/Guenter-Mohr-1.jpg\" alt=\"\" width=\"200\" height=\"300\" \/><\/a><\/td>\n<td><\/td>\n<td align=\"right\" valign=\"top\"><a href=\"https:\/\/www.mohr-kreuzer.de\/wp-content\/uploads\/2015\/08\/Frau_Mohr_Mohr-Kreuzer.jpg\"><img loading=\"lazy\" decoding=\"async\" class=\"alignnone size-full wp-image-225\" src=\"https:\/\/www.mohr-kreuzer.de\/wp-content\/uploads\/2015\/08\/Frau_Mohr_Mohr-Kreuzer.jpg\" alt=\"\" width=\"200\" height=\"300\" \/><\/a><\/td>\n<\/tr>\n<tr>\n<td align=\"left\" valign=\"top\">G\u00fcnter Mohr<br \/>\nMeister<\/td>\n<td><\/td>\n<td align=\"right\" valign=\"top\">Brigitte Mohr<\/td>\n<\/tr>\n<tr>\n<td><\/td>\n<td><\/td>\n<td><\/td>\n<\/tr>\n<tr>\n<td><a href=\"https:\/\/www.mohr-kreuzer.de\/wp-content\/uploads\/2015\/08\/Miriam-Bartosch.jpg\"><img loading=\"lazy\" decoding=\"async\" class=\"alignnone size-full wp-image-214\" src=\"https:\/\/www.mohr-kreuzer.de\/wp-content\/uploads\/2015\/08\/Miriam-Bartosch.jpg\" alt=\"\" width=\"200\" height=\"300\" \/><\/a><\/td>\n<td><\/td>\n<td align=\"right\" valign=\"top\"><a href=\"https:\/\/www.mohr-kreuzer.de\/wp-content\/uploads\/2015\/08\/Heidi-Franzoni.jpg\"><img loading=\"lazy\" decoding=\"async\" class=\"alignnone size-full wp-image-205\" src=\"https:\/\/www.mohr-kreuzer.de\/wp-content\/uploads\/2015\/08\/Heidi-Franzoni.jpg\" alt=\"\" width=\"200\" height=\"300\" \/><\/a><\/td>\n<\/tr>\n<tr>\n<td align=\"left\" valign=\"top\">Miriam Bartosch<\/td>\n<td><\/td>\n<td align=\"right\" valign=\"top\">Heidi Franzoni<\/td>\n<\/tr>\n<tr>\n<td><\/td>\n<td><\/td>\n<td><\/td>\n<\/tr>\n<tr>\n<td><a href=\"https:\/\/www.mohr-kreuzer.de\/wp-content\/uploads\/2015\/08\/Jan-Ueberschaer-1.jpg\"><img loading=\"lazy\" decoding=\"async\" class=\"alignnone size-full wp-image-206\" src=\"https:\/\/www.mohr-kreuzer.de\/wp-content\/uploads\/2015\/08\/Jan-Ueberschaer-1.jpg\" alt=\"\" width=\"200\" height=\"300\" \/><\/a><\/td>\n<td><\/td>\n<td align=\"right\" valign=\"top\"><a href=\"https:\/\/www.mohr-kreuzer.de\/wp-content\/uploads\/2015\/08\/Florian-Kreuzer-1.jpg\"><img loading=\"lazy\" decoding=\"async\" class=\"alignnone size-full wp-image-203\" src=\"https:\/\/www.mohr-kreuzer.de\/wp-content\/uploads\/2015\/08\/Florian-Kreuzer-1.jpg\" alt=\"\" width=\"200\" height=\"300\" \/><\/a><\/td>\n<\/tr>\n<tr>\n<td align=\"left\" valign=\"top\">Jan Uebersch\u00e4r<\/td>\n<td><\/td>\n<td style=\"text-align: right;\" align=\"right\" valign=\"top\">Florian Kreuzer<\/td>\n<\/tr>\n<tr>\n<td><\/td>\n<td><\/td>\n<td><\/td>\n<\/tr>\n<tr>\n<td><a href=\"https:\/\/www.mohr-kreuzer.de\/wp-content\/uploads\/2015\/08\/Roland-Gross-1.jpg\"><img loading=\"lazy\" decoding=\"async\" class=\"alignnone size-full wp-image-216\" src=\"https:\/\/www.mohr-kreuzer.de\/wp-content\/uploads\/2015\/08\/Roland-Gross-1.jpg\" alt=\"\" width=\"200\" height=\"300\" \/><\/a><\/td>\n<td><\/td>\n<td align=\"right\" valign=\"top\"><a href=\"https:\/\/www.mohr-kreuzer.de\/wp-content\/uploads\/2015\/08\/Matthias-Martel.jpg\"><img loading=\"lazy\" decoding=\"async\" class=\"alignnone size-full wp-image-211\" src=\"https:\/\/www.mohr-kreuzer.de\/wp-content\/uploads\/2015\/08\/Matthias-Martel.jpg\" alt=\"\" width=\"200\" height=\"300\" \/><\/a><\/td>\n<\/tr>\n<tr>\n<td align=\"left\" valign=\"top\">Roland Gro\u00df<\/td>\n<td><\/td>\n<td align=\"right\" valign=\"top\">Mathias Martel<\/td>\n<\/tr>\n<tr>\n<td><\/td>\n<td><\/td>\n<td><\/td>\n<\/tr>\n<tr>\n<td><a href=\"https:\/\/www.mohr-kreuzer.de\/wp-content\/uploads\/2015\/08\/Daniel-Busch-1.jpg\"><img loading=\"lazy\" decoding=\"async\" class=\"alignnone size-full wp-image-201\" src=\"https:\/\/www.mohr-kreuzer.de\/wp-content\/uploads\/2015\/08\/Daniel-Busch-1.jpg\" alt=\"\" width=\"200\" height=\"300\" \/><\/a><\/td>\n<td><\/td>\n<td><a href=\"https:\/\/www.mohr-kreuzer.de\/wp-content\/uploads\/2015\/08\/Mike-Weissenfeldt.jpg\"><img loading=\"lazy\" decoding=\"async\" class=\"size-full wp-image-213 alignright\" src=\"https:\/\/www.mohr-kreuzer.de\/wp-content\/uploads\/2015\/08\/Mike-Weissenfeldt.jpg\" alt=\"\" width=\"200\" height=\"300\" \/><\/a><\/td>\n<td><\/td>\n<\/tr>\n<tr>\n<td>Daniel Busch<\/td>\n<td><\/td>\n<td style=\"text-align: right;\">Mike Wei\u00dfenfeldt<\/td>\n<\/tr>\n<tr>\n<td><\/td>\n<td><\/td>\n<td><\/td>\n<\/tr>\n<tr>\n<td><\/td>\n<td><\/td>\n<td><\/td>\n<\/tr>\n<tr>\n<td align=\"left\" valign=\"top\"><\/td>\n<td><\/td>\n<td style=\"text-align: right;\" align=\"right\" valign=\"top\"><\/td>\n<\/tr>\n<tr>\n<td><\/td>\n<td><\/td>\n<td><\/td>\n<\/tr>\n<tr>\n<td><\/td>\n<td><\/td>\n<td align=\"right\" valign=\"top\"><\/td>\n<\/tr>\n<tr>\n<td align=\"left\" valign=\"top\"><\/td>\n<td><\/td>\n<td style=\"text-align: right;\" align=\"right\" valign=\"top\"><\/td>\n<\/tr>\n<tr>\n<td><\/td>\n<td><\/td>\n<td><\/td>\n<\/tr>\n<tr>\n<td><\/td>\n<td><\/td>\n<td><\/td>\n<\/tr>\n<tr>\n<td align=\"left\" valign=\"top\"><\/td>\n<td><\/td>\n<td style=\"text-align: right;\" align=\"right\" valign=\"top\"><\/td>\n<\/tr>\n<tr>\n<td><\/td>\n<td><\/td>\n<td><\/td>\n<\/tr>\n<tr>\n<td><\/td>\n<td><\/td>\n<td align=\"right\" valign=\"top\"><!-- leer --><\/td>\n<\/tr>\n<tr>\n<td align=\"left\" valign=\"top\"><\/td>\n<td><\/td>\n<td style=\"text-align: right;\" align=\"right\" valign=\"top\"><!-- leer --><\/td>\n<\/tr>\n<tr>\n<td><\/td>\n<td><\/td>\n<td><\/td>\n<\/tr>\n<\/tbody>\n<\/table>\n<p>&nbsp;<\/p>","protected":false},"excerpt":{"rendered":"<p>Mohr + Kreuzer \u2013 wer wir sind Machen Sie sich schon vorab ein Bild von uns: Das sind die Menschen, die Mohr + Kreuzer zu dem machen, was es ist \u2013 und sich zu Ihrem Wohle einsetzen. Andreas Mohr Gesch\u00e4ftsf\u00fchrer, Meister Michael Kreuzer Meister, Kundendienst- und Projektleiter G\u00fcnter Mohr Meister Brigitte Mohr Miriam Bartosch Heidi [&hellip;]<\/p>\n","protected":false},"author":1,"featured_media":0,"parent":11,"menu_order":2,"comment_status":"open","ping_status":"open","template":"page-unternehmen.php","meta":{"footnotes":""},"class_list":["post-25","page","type-page","status-publish","hentry"],"_links":{"self":[{"href":"https:\/\/www.mohr-kreuzer.de\/index.php\/wp-json\/wp\/v2\/pages\/25","targetHints":{"allow":["GET"]}}],"collection":[{"href":"https:\/\/www.mohr-kreuzer.de\/index.php\/wp-json\/wp\/v2\/pages"}],"about":[{"href":"https:\/\/www.mohr-kreuzer.de\/index.php\/wp-json\/wp\/v2\/types\/page"}],"author":[{"embeddable":true,"href":"https:\/\/www.mohr-kreuzer.de\/index.php\/wp-json\/wp\/v2\/users\/1"}],"replies":[{"embeddable":true,"href":"https:\/\/www.mohr-kreuzer.de\/index.php\/wp-json\/wp\/v2\/comments?post=25"}],"version-history":[{"count":36,"href":"https:\/\/www.mohr-kreuzer.de\/index.php\/wp-json\/wp\/v2\/pages\/25\/revisions"}],"predecessor-version":[{"id":235,"href":"https:\/\/www.mohr-kreuzer.de\/index.php\/wp-json\/wp\/v2\/pages\/25\/revisions\/235"}],"up":[{"embeddable":true,"href":"https:\/\/www.mohr-kreuzer.de\/index.php\/wp-json\/wp\/v2\/pages\/11"}],"wp:attachment":[{"href":"https:\/\/www.mohr-kreuzer.de\/index.php\/wp-json\/wp\/v2\/media?parent=25"}],"curies":[{"name":"wp","href":"https:\/\/api.w.org\/{rel}","templated":true}]}}