{"id":38,"date":"2015-08-10T15:54:50","date_gmt":"2015-08-10T13:54:50","guid":{"rendered":"http:\/\/mohrkreuzer.s1.hosting-square.de\/webseite\/?page_id=38"},"modified":"2015-12-07T09:28:26","modified_gmt":"2015-12-07T08:28:26","slug":"baeder","status":"publish","type":"page","link":"https:\/\/www.mohr-kreuzer.de\/index.php\/leistungen\/baeder\/","title":{"rendered":"B\u00e4der"},"content":{"rendered":"<h3>Hier werden Bad-Tr\u00e4ume Wirklichkeit<\/h3>\n<p>Ob zur\u00fcckhaltende, schlichte Eleganz oder prunkvolle Armaturen, ob Duschkopf mit Kopf- und Seitenstrahl oder extravagante Whirlwanne, ob kleines oder gro\u00dfes Bad \u2013 Sie wissen, was Sie wollen und wie Ihre ganz pers\u00f6nliche Bad-Oase aussehen soll. Und wir machen Ihre W\u00fcnsche wahr \u2013 denn bei uns gibt es nichts, was es nichts gibt. Selbstverst\u00e4ndlich realisieren wir auch barrierefreie, senioren- und behindertengerechte Installationen \u2013 um Grenzen im Alltag zu \u00fcberwinden.<\/p>\n<h4>Bad in bester Qualit\u00e4t \u2013 f\u00fcr uns selbstverst\u00e4ndlich<\/h4>\n<p>Ob Neuanlagen oder Sanierung \u2013 f\u00fcr Ihre Badtr\u00e4ume garantieren wir Ihnen h\u00f6chste Qualit\u00e4t. Denn wir setzen ausschlie\u00dflich beste Materialien und Produkte f\u00fchrender Hersteller ein. Und was w\u00e4ren diese Produkte ohne eine fachgerechte Ausf\u00fchrung? Unsere fundierte Ausbildung und langj\u00e4hrige Erfahrung garantiert Ihnen auch in der Umsetzung ein H\u00f6chstma\u00df an Qualit\u00e4t \u2013 damit Sie lange Jahre Freude an Ihrem neuen Bad haben. Legen Sie Ihre W\u00fcnsche in kompetente H\u00e4nde!<\/p>\n<h4>Zuverl\u00e4ssig \u2013 bis ins kleinste Detail<\/h4>\n<p>Von der Bedarfsanalyse und professionellen Planung bis zur Installation in Ihrem Wunschdesign \u2013 Mohr + Kreuzer ist der richtige Partner, wenn es um die Realisierung Ihrer Bad-Tr\u00e4ume geht. Dabei verbinden wir selbstverst\u00e4ndlich Funktionalit\u00e4t mit Flair \u2013 damit Ihr Bad zur Quelle der Erholung werden kann. Entspannen Sie einfach schon jetzt! Denn wir haben Erfahrung darin, alle Gewerke zu koordinieren \u2013 und achten auf jedes noch so kleine Detail. Unser Komplettservice \u2013 Ihre Erholung!<\/p>","protected":false},"excerpt":{"rendered":"<p>Hier werden Bad-Tr\u00e4ume Wirklichkeit Ob zur\u00fcckhaltende, schlichte Eleganz oder prunkvolle Armaturen, ob Duschkopf mit Kopf- und Seitenstrahl oder extravagante Whirlwanne, ob kleines oder gro\u00dfes Bad \u2013 Sie wissen, was Sie wollen und wie Ihre ganz pers\u00f6nliche Bad-Oase aussehen soll. Und wir machen Ihre W\u00fcnsche wahr \u2013 denn bei uns gibt es nichts, was es nichts [&hellip;]<\/p>\n","protected":false},"author":1,"featured_media":0,"parent":31,"menu_order":3,"comment_status":"open","ping_status":"open","template":"page-leistungen.php","meta":{"footnotes":""},"class_list":["post-38","page","type-page","status-publish","hentry"],"_links":{"self":[{"href":"https:\/\/www.mohr-kreuzer.de\/index.php\/wp-json\/wp\/v2\/pages\/38","targetHints":{"allow":["GET"]}}],"collection":[{"href":"https:\/\/www.mohr-kreuzer.de\/index.php\/wp-json\/wp\/v2\/pages"}],"about":[{"href":"https:\/\/www.mohr-kreuzer.de\/index.php\/wp-json\/wp\/v2\/types\/page"}],"author":[{"embeddable":true,"href":"https:\/\/www.mohr-kreuzer.de\/index.php\/wp-json\/wp\/v2\/users\/1"}],"replies":[{"embeddable":true,"href":"https:\/\/www.mohr-kreuzer.de\/index.php\/wp-json\/wp\/v2\/comments?post=38"}],"version-history":[{"count":1,"href":"https:\/\/www.mohr-kreuzer.de\/index.php\/wp-json\/wp\/v2\/pages\/38\/revisions"}],"predecessor-version":[{"id":39,"href":"https:\/\/www.mohr-kreuzer.de\/index.php\/wp-json\/wp\/v2\/pages\/38\/revisions\/39"}],"up":[{"embeddable":true,"href":"https:\/\/www.mohr-kreuzer.de\/index.php\/wp-json\/wp\/v2\/pages\/31"}],"wp:attachment":[{"href":"https:\/\/www.mohr-kreuzer.de\/index.php\/wp-json\/wp\/v2\/media?parent=38"}],"curies":[{"name":"wp","href":"https:\/\/api.w.org\/{rel}","templated":true}]}}