{"id":5,"date":"2015-08-10T15:31:33","date_gmt":"2015-08-10T13:31:33","guid":{"rendered":"http:\/\/mohrkreuzer.s1.hosting-square.de\/webseite\/?page_id=5"},"modified":"2017-05-18T12:30:54","modified_gmt":"2017-05-18T10:30:54","slug":"individuelle-beratung-kreative-ideen-innovative-technik","status":"publish","type":"page","link":"https:\/\/www.mohr-kreuzer.de\/","title":{"rendered":"Sanit\u00e4r, B\u00e4der, Heizung und Solar \u2013 seit 1990"},"content":{"rendered":"<h3>Individuelle Beratung \u2013 kreative Ideen \u2013 innovative Technik<\/h3>\n<p><a href=\"https:\/\/www.mohr-kreuzer.de\/wp-content\/uploads\/2017\/05\/Mohr-Kreuzer-Gruppenbild.jpg\"><img loading=\"lazy\" decoding=\"async\" class=\"alignnone size-full wp-image-189\" src=\"https:\/\/www.mohr-kreuzer.de\/wp-content\/uploads\/2017\/05\/Mohr-Kreuzer-Gruppenbild.jpg\" alt=\"\" width=\"1200\" height=\"800\" srcset=\"https:\/\/www.mohr-kreuzer.de\/wp-content\/uploads\/2017\/05\/Mohr-Kreuzer-Gruppenbild.jpg 1200w, https:\/\/www.mohr-kreuzer.de\/wp-content\/uploads\/2017\/05\/Mohr-Kreuzer-Gruppenbild-300x200.jpg 300w, https:\/\/www.mohr-kreuzer.de\/wp-content\/uploads\/2017\/05\/Mohr-Kreuzer-Gruppenbild-768x512.jpg 768w, https:\/\/www.mohr-kreuzer.de\/wp-content\/uploads\/2017\/05\/Mohr-Kreuzer-Gruppenbild-1024x683.jpg 1024w, https:\/\/www.mohr-kreuzer.de\/wp-content\/uploads\/2017\/05\/Mohr-Kreuzer-Gruppenbild-430x287.jpg 430w\" sizes=\"auto, (max-width: 1200px) 100vw, 1200px\" \/><\/a><\/p>\n<p>Ob <a href=\"https:\/\/www.mohr-kreuzer.de\/index.php\/leistungen\/wasser\/\" target=\"_blank\" rel=\"noopener noreferrer\">Sanit\u00e4r<\/a>, <a href=\"https:\/\/www.mohr-kreuzer.de\/index.php\/leistungen\/baeder\/\" target=\"_blank\" rel=\"noopener noreferrer\">B\u00e4der<\/a>, <a href=\"https:\/\/www.mohr-kreuzer.de\/index.php\/leistungen\/waerme\/\" target=\"_blank\" rel=\"noopener noreferrer\">W\u00e4rme<\/a> oder <a href=\"https:\/\/www.mohr-kreuzer.de\/index.php\/leistungen\/umwelttechnik\/\" target=\"_blank\" rel=\"noopener noreferrer\">alternative Energien<\/a> \u2013 wenn es um Haustechnik in Speyer und Umgebung geht, sind Sie bei Mohr + Kreuzer mit Sitz in Schwegenheim an der richtigen Adresse. Seit 1990 hat <a href=\"https:\/\/www.mohr-kreuzer.de\/index.php\/unternehmen\/philosophie\/\" target=\"_blank\" rel=\"noopener noreferrer\">unsere t\u00e4gliche Arbeit<\/a> ein wesentliches Ziel: Technik und Service zum Wohle der Menschen \u2013 und beides in bester Qualit\u00e4t. Um unserem Anspruch dauerhaft gerecht zu werden, setzen wir ausschlie\u00dflich hochwertigste Materialien, unser umfassendes Fachwissen und langj\u00e4hrige Erfahrung ein.<\/p>\n<p>Sie sollen sich zu Hause rundum wohlf\u00fchlen \u2013 deshalb nehmen wir uns viel Zeit f\u00fcr das <a href=\"https:\/\/www.mohr-kreuzer.de\/index.php\/kontakt\/\" target=\"_blank\" rel=\"noopener noreferrer\">pers\u00f6nliche Gespr\u00e4ch mit Ihnen<\/a>. Das sch\u00e4tzen unsere Kunden: Denn nur so k\u00f6nnen wir die individuellen W\u00fcnsche und Anforderungen kennenlernen und mithilfe individueller Systeml\u00f6sungen umsetzen.<\/p>\n<p>Gerne unterst\u00fctzen wir auch Sie \u2013 ein Anruf gen\u00fcgt:<br \/>\n0 63 44 \/ 95 49 30 &#8211; 0<\/p>\n<h3>Einfach wohlf\u00fchlen \u2013 mit Haustechnik von Mohr + Kreuzer<\/h3>","protected":false},"excerpt":{"rendered":"<p>Individuelle Beratung \u2013 kreative Ideen \u2013 innovative Technik Ob Sanit\u00e4r, B\u00e4der, W\u00e4rme oder alternative Energien \u2013 wenn es um Haustechnik in Speyer und Umgebung geht, sind Sie bei Mohr + Kreuzer mit Sitz in Schwegenheim an der richtigen Adresse. Seit 1990 hat unsere t\u00e4gliche Arbeit ein wesentliches Ziel: Technik und Service zum Wohle der Menschen [&hellip;]<\/p>\n","protected":false},"author":1,"featured_media":0,"parent":0,"menu_order":1,"comment_status":"open","ping_status":"open","template":"","meta":{"footnotes":""},"class_list":["post-5","page","type-page","status-publish","hentry"],"_links":{"self":[{"href":"https:\/\/www.mohr-kreuzer.de\/index.php\/wp-json\/wp\/v2\/pages\/5","targetHints":{"allow":["GET"]}}],"collection":[{"href":"https:\/\/www.mohr-kreuzer.de\/index.php\/wp-json\/wp\/v2\/pages"}],"about":[{"href":"https:\/\/www.mohr-kreuzer.de\/index.php\/wp-json\/wp\/v2\/types\/page"}],"author":[{"embeddable":true,"href":"https:\/\/www.mohr-kreuzer.de\/index.php\/wp-json\/wp\/v2\/users\/1"}],"replies":[{"embeddable":true,"href":"https:\/\/www.mohr-kreuzer.de\/index.php\/wp-json\/wp\/v2\/comments?post=5"}],"version-history":[{"count":12,"href":"https:\/\/www.mohr-kreuzer.de\/index.php\/wp-json\/wp\/v2\/pages\/5\/revisions"}],"predecessor-version":[{"id":195,"href":"https:\/\/www.mohr-kreuzer.de\/index.php\/wp-json\/wp\/v2\/pages\/5\/revisions\/195"}],"wp:attachment":[{"href":"https:\/\/www.mohr-kreuzer.de\/index.php\/wp-json\/wp\/v2\/media?parent=5"}],"curies":[{"name":"wp","href":"https:\/\/api.w.org\/{rel}","templated":true}]}}