{"id":74,"date":"2015-08-10T16:06:33","date_gmt":"2015-08-10T14:06:33","guid":{"rendered":"http:\/\/mohrkreuzer.s1.hosting-square.de\/webseite\/?page_id=74"},"modified":"2022-05-18T08:14:44","modified_gmt":"2022-05-18T06:14:44","slug":"impressum","status":"publish","type":"page","link":"https:\/\/www.mohr-kreuzer.de\/index.php\/impressum\/","title":{"rendered":"Impressum"},"content":{"rendered":"<h2>Mohr + Kreuzer GmbH &amp; Co KG<\/h2>\n<p>Bahnhofstr. 84<br \/>\n67365 Schwegenheim<br \/>\nTelefon: 0 63 44 \/ 95 49 30 &#8211; 0<br \/>\nFax: 0 63 44 \/ 95 49 30 &#8211; 30<\/p>\n<p>E-Mail:<a href=\"mailto:info@Mohr-Kreuzer.de\">info@Mohr-Kreuzer.de<\/a><\/p>\n<h3>Pers\u00f6nlich haftende Gesellschafterin:<\/h3>\n<p>Mohr + Kreuzer GmbH<br \/>\nSitz: 67365 Schwegenheim<br \/>\nAmtsgericht Landau HRB 30497<br \/>\nGesch\u00e4ftsf\u00fchrer: <span style=\"color: #333333;\">Andreas Mohr<\/span><\/p>\n<h3>Verantwortlich f\u00fcr Inhalte:<\/h3>\n<p><span style=\"color: #333333;\">Andreas Mohr<\/span><\/p>\n<h3>Design<\/h3>\n<p>Katja Meier-Chromik<br \/>\n<a href=\"http:\/\/www.web-konzept-design.de\" target=\"_blank\" rel=\"noopener\">.web .konzept .design<\/a><\/p>\n<h3>Ablehnung Verbraucherschlichtung bei eingetretener Streitigkeit mit Verbrauchern<\/h3>\n<p>Die f\u00fcr die Firma Mohr + Kreuzer GmbH &amp; Co KG zust\u00e4ndige Verbraucherschlichtungsstelle ist die<\/p>\n<p>Allgemeine Verbraucherschlichtungsstelle des Zentrums f\u00fcr Schlichtung e.V.<br \/>\nStra\u00dfburger Stra\u00dfe 8,<br \/>\n77694 Kehl am Rhein<br \/>\nTelefon: 07851\/7957940<br \/>\nFax: 07851\/7957941<br \/>\nE-Mail: mail@verbraucher-schlichter.de<br \/>\nWebseite: www.verbraucher-schlichter.de<\/p>\n<p>Die Firma Mohr + Kreuzer GmbH &amp; Co KG beteiligt sich nicht an Verbraucherschlichtungsverfahren vor der zuvor genannten Verbraucherschlichtungsstelle nach dem Verbraucherstreitbeilegungsgesetz.<\/p>\n<h2>Hinweis<\/h2>\n<p>Die Inhalte dieser Website werden mit gr\u00f6\u00dftm\u00f6glicher Sorgfalt erstellt. Der Anbieter \u00fcbernimmt jedoch keine Gew\u00e4hr f\u00fcr die Richtigkeit, Vollst\u00e4ndigkeit und Aktualit\u00e4t der bereitgestellten Inhalte. Diese Website enth\u00e4lt Verkn\u00fcpfungen zu Websites Dritter (&#8222;externe Links&#8220;). Diese Websites unterliegen der Haftung der jeweiligen Betreiber.<\/p>","protected":false},"excerpt":{"rendered":"<p>Mohr + Kreuzer GmbH &amp; Co KG Bahnhofstr. 84 67365 Schwegenheim Telefon: 0 63 44 \/ 95 49 30 &#8211; 0 Fax: 0 63 44 \/ 95 49 30 &#8211; 30 E-Mail:info@Mohr-Kreuzer.de Pers\u00f6nlich haftende Gesellschafterin: Mohr + Kreuzer GmbH Sitz: 67365 Schwegenheim Amtsgericht Landau HRB 30497 Gesch\u00e4ftsf\u00fchrer: Andreas Mohr Verantwortlich f\u00fcr Inhalte: Andreas Mohr Design [&hellip;]<\/p>\n","protected":false},"author":1,"featured_media":0,"parent":0,"menu_order":5,"comment_status":"open","ping_status":"open","template":"","meta":{"footnotes":""},"class_list":["post-74","page","type-page","status-publish","hentry"],"_links":{"self":[{"href":"https:\/\/www.mohr-kreuzer.de\/index.php\/wp-json\/wp\/v2\/pages\/74","targetHints":{"allow":["GET"]}}],"collection":[{"href":"https:\/\/www.mohr-kreuzer.de\/index.php\/wp-json\/wp\/v2\/pages"}],"about":[{"href":"https:\/\/www.mohr-kreuzer.de\/index.php\/wp-json\/wp\/v2\/types\/page"}],"author":[{"embeddable":true,"href":"https:\/\/www.mohr-kreuzer.de\/index.php\/wp-json\/wp\/v2\/users\/1"}],"replies":[{"embeddable":true,"href":"https:\/\/www.mohr-kreuzer.de\/index.php\/wp-json\/wp\/v2\/comments?post=74"}],"version-history":[{"count":8,"href":"https:\/\/www.mohr-kreuzer.de\/index.php\/wp-json\/wp\/v2\/pages\/74\/revisions"}],"predecessor-version":[{"id":236,"href":"https:\/\/www.mohr-kreuzer.de\/index.php\/wp-json\/wp\/v2\/pages\/74\/revisions\/236"}],"wp:attachment":[{"href":"https:\/\/www.mohr-kreuzer.de\/index.php\/wp-json\/wp\/v2\/media?parent=74"}],"curies":[{"name":"wp","href":"https:\/\/api.w.org\/{rel}","templated":true}]}}